{"id":129,"date":"2020-10-16T22:15:26","date_gmt":"2020-10-17T01:15:26","guid":{"rendered":"https:\/\/megaengconstrutora.com.br\/?page_id=129"},"modified":"2020-10-22T15:17:55","modified_gmt":"2020-10-22T18:17:55","slug":"servicos","status":"publish","type":"page","link":"https:\/\/megaengconstrutora.com.br\/?page_id=129","title":{"rendered":"Servi\u00e7os"},"content":{"rendered":"\n<p class=\"has-text-color\" style=\"color:#16223b\">                 Obras Comerciais<\/p>\n\n\n\n<div class=\"wp-block-image\"><figure class=\"alignleft size-large is-resized\"><img loading=\"lazy\" decoding=\"async\" src=\"https:\/\/megaengconstrutora.com.br\/wp-content\/uploads\/2020\/08\/constru\u00e7\u00e3o-parede-funcionario-1024x576.jpg\" alt=\"\" class=\"wp-image-31\" width=\"301\" height=\"169\" srcset=\"https:\/\/megaengconstrutora.com.br\/wp-content\/uploads\/2020\/08\/constru\u00e7\u00e3o-parede-funcionario-1024x576.jpg 1024w, https:\/\/megaengconstrutora.com.br\/wp-content\/uploads\/2020\/08\/constru\u00e7\u00e3o-parede-funcionario-300x169.jpg 300w, https:\/\/megaengconstrutora.com.br\/wp-content\/uploads\/2020\/08\/constru\u00e7\u00e3o-parede-funcionario-768x432.jpg 768w, https:\/\/megaengconstrutora.com.br\/wp-content\/uploads\/2020\/08\/constru\u00e7\u00e3o-parede-funcionario.jpg 1280w\" sizes=\"auto, (max-width: 301px) 100vw, 301px\" \/><figcaption>Utiliza\u00e7\u00e3o de sistemas construtivos inovadores, com a mais alta tecnologia para efetiva\u00e7\u00e3o de grandes obras.<\/figcaption><\/figure><\/div>\n\n\n\n<p><\/p>\n\n\n\n<p><\/p>\n\n\n\n<p><\/p>\n\n\n\n<p class=\"has-text-align-right\">Obras Residenciais                   <\/p>\n\n\n\n<div class=\"wp-block-group\"><div class=\"wp-block-group__inner-container is-layout-flow wp-block-group-is-layout-flow\">\n<div class=\"wp-block-group\"><div class=\"wp-block-group__inner-container is-layout-flow wp-block-group-is-layout-flow\">\n<div class=\"wp-block-image\"><figure class=\"alignright size-large is-resized\"><img loading=\"lazy\" decoding=\"async\" src=\"https:\/\/megaengconstrutora.com.br\/wp-content\/uploads\/2020\/08\/elevador-ceu-e-funcionarios-1024x768.jpg\" alt=\"\" class=\"wp-image-30\" width=\"332\" height=\"249\" srcset=\"https:\/\/megaengconstrutora.com.br\/wp-content\/uploads\/2020\/08\/elevador-ceu-e-funcionarios-1024x768.jpg 1024w, https:\/\/megaengconstrutora.com.br\/wp-content\/uploads\/2020\/08\/elevador-ceu-e-funcionarios-300x225.jpg 300w, https:\/\/megaengconstrutora.com.br\/wp-content\/uploads\/2020\/08\/elevador-ceu-e-funcionarios-768x576.jpg 768w, https:\/\/megaengconstrutora.com.br\/wp-content\/uploads\/2020\/08\/elevador-ceu-e-funcionarios.jpg 1280w\" sizes=\"auto, (max-width: 332px) 100vw, 332px\" \/><figcaption>Especializa\u00e7\u00e3o na cria\u00e7\u00e3o de projetos residenciais, com a mais alta qualidade, sofistica\u00e7\u00e3o e personaliza\u00e7\u00e3o, adequado ao perfil de nossos clientes. Buscamos sempre inovar no setor habitacional de todas as regi\u00f5es do pa\u00eds.<\/figcaption><\/figure><\/div>\n<\/div><\/div>\n<\/div><\/div>\n\n\n\n<p><\/p>\n\n\n\n<p class=\"has-text-align-right has-text-color\" style=\"color:#16223b\"><\/p>\n\n\n\n<p><\/p>\n\n\n\n<p><\/p>\n\n\n\n<p class=\"has-text-align-right has-text-color\" style=\"color:#16223b\"><\/p>\n\n\n\n<p class=\"has-text-color\" style=\"color:#16223b\">Obras de Impermeabiliza\u00e7\u00e3o<\/p>\n\n\n\n<div class=\"wp-block-image\"><figure class=\"alignleft size-large is-resized\"><img loading=\"lazy\" decoding=\"async\" src=\"https:\/\/megaengconstrutora.com.br\/wp-content\/uploads\/2020\/08\/chao-que-brilha-1024x576.jpg\" alt=\"\" class=\"wp-image-41\" width=\"326\" height=\"183\" srcset=\"https:\/\/megaengconstrutora.com.br\/wp-content\/uploads\/2020\/08\/chao-que-brilha-1024x576.jpg 1024w, https:\/\/megaengconstrutora.com.br\/wp-content\/uploads\/2020\/08\/chao-que-brilha-300x169.jpg 300w, https:\/\/megaengconstrutora.com.br\/wp-content\/uploads\/2020\/08\/chao-que-brilha-768x432.jpg 768w, https:\/\/megaengconstrutora.com.br\/wp-content\/uploads\/2020\/08\/chao-que-brilha.jpg 1280w\" sizes=\"auto, (max-width: 326px) 100vw, 326px\" \/><figcaption>Realiza\u00e7\u00e3o de impermeabiliza\u00e7\u00e3o com o objetivo de isolar e proteger os materiais de uma constru\u00e7\u00e3o civil, prevenindo a passagem indesej\u00e1vel de l\u00edquidos e vapores para evitar poss\u00edveis falhas geradas por momentos estruturais.<\/figcaption><\/figure><\/div>\n\n\n\n<p><\/p>\n\n\n\n<p><\/p>\n\n\n\n<p><\/p>\n\n\n\n<p class=\"has-text-color\" style=\"color:#16223b\"><\/p>\n\n\n\n<p class=\"has-text-align-right has-text-color\" style=\"color:#16223b\">Projetos de Engenharia e Arquitetura<\/p>\n\n\n\n<div class=\"wp-block-image\"><figure class=\"alignright size-large is-resized\"><img loading=\"lazy\" decoding=\"async\" src=\"https:\/\/megaengconstrutora.com.br\/wp-content\/uploads\/2020\/08\/Constru\u00e7\u00e3o-container-funcionarios-1024x576.jpg\" alt=\"\" class=\"wp-image-42\" width=\"299\" height=\"168\" srcset=\"https:\/\/megaengconstrutora.com.br\/wp-content\/uploads\/2020\/08\/Constru\u00e7\u00e3o-container-funcionarios-1024x576.jpg 1024w, https:\/\/megaengconstrutora.com.br\/wp-content\/uploads\/2020\/08\/Constru\u00e7\u00e3o-container-funcionarios-300x169.jpg 300w, https:\/\/megaengconstrutora.com.br\/wp-content\/uploads\/2020\/08\/Constru\u00e7\u00e3o-container-funcionarios-768x432.jpg 768w, https:\/\/megaengconstrutora.com.br\/wp-content\/uploads\/2020\/08\/Constru\u00e7\u00e3o-container-funcionarios.jpg 1280w\" sizes=\"auto, (max-width: 299px) 100vw, 299px\" \/><figcaption>Equipe formada por excelentes profissionais Engenheiros e Arquitetos para atender \u00e0s necessidades de cada projeto, com an\u00e1lises minuciosas e atendimento personalizado para maior satisfa\u00e7\u00e3o do cliente.<br><\/figcaption><\/figure><\/div>\n\n\n\n<p><\/p>\n\n\n\n<p><\/p>\n\n\n\n<p><\/p>\n\n\n\n<p><\/p>\n\n\n\n<p class=\"has-text-color\" style=\"color:#16223b\">Sondagem SPT<\/p>\n\n\n\n<div class=\"wp-block-image\"><figure class=\"alignleft size-large is-resized\"><img loading=\"lazy\" decoding=\"async\" src=\"https:\/\/megaengconstrutora.com.br\/wp-content\/uploads\/2020\/08\/sondagem-stp-de-vdd.jpg\" alt=\"\" class=\"wp-image-56\" width=\"225\" height=\"300\" srcset=\"https:\/\/megaengconstrutora.com.br\/wp-content\/uploads\/2020\/08\/sondagem-stp-de-vdd.jpg 720w, https:\/\/megaengconstrutora.com.br\/wp-content\/uploads\/2020\/08\/sondagem-stp-de-vdd-225x300.jpg 225w\" sizes=\"auto, (max-width: 225px) 100vw, 225px\" \/><figcaption>Primeiro ensaio a ser feito para caracterizar o solo do local da obra. Sendo imprescind\u00edvel um adequado conhecimento de an\u00e1lise de solos e manuseio da sondagem para a elabora\u00e7\u00e3o dos projetos necess\u00e1rios, em especial os geot\u00e9cnicos.<\/figcaption><\/figure><\/div>\n\n\n\n<p class=\"has-text-color\" style=\"color:#16223b\"><\/p>\n\n\n\n<p><\/p>\n\n\n\n<p><\/p>\n\n\n\n<p><\/p>\n\n\n\n<p><\/p>\n\n\n\n<p><\/p>\n\n\n\n<p class=\"has-text-align-right has-text-color\" style=\"color:#16223b\">Obras publicas<\/p>\n\n\n\n<div class=\"wp-block-image\"><figure class=\"alignright size-large is-resized\"><img loading=\"lazy\" decoding=\"async\" src=\"https:\/\/megaengconstrutora.com.br\/wp-content\/uploads\/2020\/08\/obras-residenciais-1024x576.jpg\" alt=\"\" class=\"wp-image-55\" width=\"341\" height=\"191\" srcset=\"https:\/\/megaengconstrutora.com.br\/wp-content\/uploads\/2020\/08\/obras-residenciais-1024x576.jpg 1024w, https:\/\/megaengconstrutora.com.br\/wp-content\/uploads\/2020\/08\/obras-residenciais-300x169.jpg 300w, https:\/\/megaengconstrutora.com.br\/wp-content\/uploads\/2020\/08\/obras-residenciais-768x432.jpg 768w, https:\/\/megaengconstrutora.com.br\/wp-content\/uploads\/2020\/08\/obras-residenciais.jpg 1280w\" sizes=\"auto, (max-width: 341px) 100vw, 341px\" \/><figcaption>Com extensa experiencia em planilhas or\u00e7amentarias, cronograma de obras. Tem participado de diversas obras p\u00fablicas, visando expans\u00e3o em suas \u00e1reas de atua\u00e7\u00e3o.<\/figcaption><\/figure><\/div>\n\n\n\n<p class=\"has-text-align-right has-text-color\" style=\"color:#16223b\"><\/p>\n","protected":false},"excerpt":{"rendered":"<p>Obras Comerciais Obras Residenciais Obras de Impermeabiliza\u00e7\u00e3o Projetos de Engenharia e Arquitetura Sondagem SPT Obras publicas<\/p>\n","protected":false},"author":1,"featured_media":0,"parent":0,"menu_order":0,"comment_status":"closed","ping_status":"closed","template":"","meta":{"footnotes":""},"class_list":["post-129","page","type-page","status-publish","hentry"],"yoast_head":"<!-- This site is optimized with the Yoast SEO plugin v27.5 - https:\/\/yoast.com\/product\/yoast-seo-wordpress\/ -->\n<title>Servi\u00e7os - Mega Engenharia e Construtora<\/title>\n<meta name=\"robots\" content=\"index, follow, max-snippet:-1, max-image-preview:large, max-video-preview:-1\" \/>\n<link rel=\"canonical\" href=\"https:\/\/megaengconstrutora.com.br\/?page_id=129\" \/>\n<meta property=\"og:locale\" content=\"pt_BR\" \/>\n<meta property=\"og:type\" content=\"article\" \/>\n<meta property=\"og:title\" content=\"Servi\u00e7os - Mega Engenharia e Construtora\" \/>\n<meta property=\"og:description\" content=\"Obras Comerciais Obras Residenciais Obras de Impermeabiliza\u00e7\u00e3o Projetos de Engenharia e Arquitetura Sondagem SPT Obras publicas\" \/>\n<meta property=\"og:url\" content=\"https:\/\/megaengconstrutora.com.br\/?page_id=129\" \/>\n<meta property=\"og:site_name\" content=\"Mega Engenharia e Construtora\" \/>\n<meta property=\"article:modified_time\" content=\"2020-10-22T18:17:55+00:00\" \/>\n<meta property=\"og:image\" content=\"https:\/\/megaengconstrutora.com.br\/wp-content\/uploads\/2020\/08\/constru\u00e7\u00e3o-parede-funcionario-1024x576.jpg\" \/>\n<meta name=\"twitter:card\" content=\"summary_large_image\" \/>\n<meta name=\"twitter:label1\" content=\"Est. tempo de leitura\" \/>\n\t<meta name=\"twitter:data1\" content=\"1 minuto\" \/>\n<script type=\"application\/ld+json\" class=\"yoast-schema-graph\">{\"@context\":\"https:\\\/\\\/schema.org\",\"@graph\":[{\"@type\":\"WebPage\",\"@id\":\"https:\\\/\\\/megaengconstrutora.com.br\\\/?page_id=129\",\"url\":\"https:\\\/\\\/megaengconstrutora.com.br\\\/?page_id=129\",\"name\":\"Servi\u00e7os - Mega Engenharia e Construtora\",\"isPartOf\":{\"@id\":\"https:\\\/\\\/megaengconstrutora.com.br\\\/#website\"},\"primaryImageOfPage\":{\"@id\":\"https:\\\/\\\/megaengconstrutora.com.br\\\/?page_id=129#primaryimage\"},\"image\":{\"@id\":\"https:\\\/\\\/megaengconstrutora.com.br\\\/?page_id=129#primaryimage\"},\"thumbnailUrl\":\"https:\\\/\\\/megaengconstrutora.com.br\\\/wp-content\\\/uploads\\\/2020\\\/08\\\/elevador-ceu-e-funcionarios-1024x768.jpg\",\"datePublished\":\"2020-10-17T01:15:26+00:00\",\"dateModified\":\"2020-10-22T18:17:55+00:00\",\"breadcrumb\":{\"@id\":\"https:\\\/\\\/megaengconstrutora.com.br\\\/?page_id=129#breadcrumb\"},\"inLanguage\":\"pt-BR\",\"potentialAction\":[{\"@type\":\"ReadAction\",\"target\":[\"https:\\\/\\\/megaengconstrutora.com.br\\\/?page_id=129\"]}]},{\"@type\":\"ImageObject\",\"inLanguage\":\"pt-BR\",\"@id\":\"https:\\\/\\\/megaengconstrutora.com.br\\\/?page_id=129#primaryimage\",\"url\":\"https:\\\/\\\/megaengconstrutora.com.br\\\/wp-content\\\/uploads\\\/2020\\\/08\\\/elevador-ceu-e-funcionarios.jpg\",\"contentUrl\":\"https:\\\/\\\/megaengconstrutora.com.br\\\/wp-content\\\/uploads\\\/2020\\\/08\\\/elevador-ceu-e-funcionarios.jpg\",\"width\":1280,\"height\":960},{\"@type\":\"BreadcrumbList\",\"@id\":\"https:\\\/\\\/megaengconstrutora.com.br\\\/?page_id=129#breadcrumb\",\"itemListElement\":[{\"@type\":\"ListItem\",\"position\":1,\"name\":\"Home\",\"item\":\"https:\\\/\\\/megaengconstrutora.com.br\\\/\"},{\"@type\":\"ListItem\",\"position\":2,\"name\":\"Servi\u00e7os\"}]},{\"@type\":\"WebSite\",\"@id\":\"https:\\\/\\\/megaengconstrutora.com.br\\\/#website\",\"url\":\"https:\\\/\\\/megaengconstrutora.com.br\\\/\",\"name\":\"Mega Engenharia e Construtora\",\"description\":\"\",\"publisher\":{\"@id\":\"https:\\\/\\\/megaengconstrutora.com.br\\\/#organization\"},\"potentialAction\":[{\"@type\":\"SearchAction\",\"target\":{\"@type\":\"EntryPoint\",\"urlTemplate\":\"https:\\\/\\\/megaengconstrutora.com.br\\\/?s={search_term_string}\"},\"query-input\":{\"@type\":\"PropertyValueSpecification\",\"valueRequired\":true,\"valueName\":\"search_term_string\"}}],\"inLanguage\":\"pt-BR\"},{\"@type\":\"Organization\",\"@id\":\"https:\\\/\\\/megaengconstrutora.com.br\\\/#organization\",\"name\":\"Mega Engenharia e Construtora\",\"url\":\"https:\\\/\\\/megaengconstrutora.com.br\\\/\",\"logo\":{\"@type\":\"ImageObject\",\"inLanguage\":\"pt-BR\",\"@id\":\"https:\\\/\\\/megaengconstrutora.com.br\\\/#\\\/schema\\\/logo\\\/image\\\/\",\"url\":\"https:\\\/\\\/megaengconstrutora.com.br\\\/wp-content\\\/uploads\\\/2020\\\/10\\\/logo-site_300x50px.png\",\"contentUrl\":\"https:\\\/\\\/megaengconstrutora.com.br\\\/wp-content\\\/uploads\\\/2020\\\/10\\\/logo-site_300x50px.png\",\"width\":300,\"height\":50,\"caption\":\"Mega Engenharia e Construtora\"},\"image\":{\"@id\":\"https:\\\/\\\/megaengconstrutora.com.br\\\/#\\\/schema\\\/logo\\\/image\\\/\"}}]}<\/script>\n<!-- \/ Yoast SEO plugin. -->","yoast_head_json":{"title":"Servi\u00e7os - Mega Engenharia e Construtora","robots":{"index":"index","follow":"follow","max-snippet":"max-snippet:-1","max-image-preview":"max-image-preview:large","max-video-preview":"max-video-preview:-1"},"canonical":"https:\/\/megaengconstrutora.com.br\/?page_id=129","og_locale":"pt_BR","og_type":"article","og_title":"Servi\u00e7os - Mega Engenharia e Construtora","og_description":"Obras Comerciais Obras Residenciais Obras de Impermeabiliza\u00e7\u00e3o Projetos de Engenharia e Arquitetura Sondagem SPT Obras publicas","og_url":"https:\/\/megaengconstrutora.com.br\/?page_id=129","og_site_name":"Mega Engenharia e Construtora","article_modified_time":"2020-10-22T18:17:55+00:00","og_image":[{"url":"https:\/\/megaengconstrutora.com.br\/wp-content\/uploads\/2020\/08\/constru\u00e7\u00e3o-parede-funcionario-1024x576.jpg","type":"","width":"","height":""}],"twitter_card":"summary_large_image","twitter_misc":{"Est. tempo de leitura":"1 minuto"},"schema":{"@context":"https:\/\/schema.org","@graph":[{"@type":"WebPage","@id":"https:\/\/megaengconstrutora.com.br\/?page_id=129","url":"https:\/\/megaengconstrutora.com.br\/?page_id=129","name":"Servi\u00e7os - Mega Engenharia e Construtora","isPartOf":{"@id":"https:\/\/megaengconstrutora.com.br\/#website"},"primaryImageOfPage":{"@id":"https:\/\/megaengconstrutora.com.br\/?page_id=129#primaryimage"},"image":{"@id":"https:\/\/megaengconstrutora.com.br\/?page_id=129#primaryimage"},"thumbnailUrl":"https:\/\/megaengconstrutora.com.br\/wp-content\/uploads\/2020\/08\/elevador-ceu-e-funcionarios-1024x768.jpg","datePublished":"2020-10-17T01:15:26+00:00","dateModified":"2020-10-22T18:17:55+00:00","breadcrumb":{"@id":"https:\/\/megaengconstrutora.com.br\/?page_id=129#breadcrumb"},"inLanguage":"pt-BR","potentialAction":[{"@type":"ReadAction","target":["https:\/\/megaengconstrutora.com.br\/?page_id=129"]}]},{"@type":"ImageObject","inLanguage":"pt-BR","@id":"https:\/\/megaengconstrutora.com.br\/?page_id=129#primaryimage","url":"https:\/\/megaengconstrutora.com.br\/wp-content\/uploads\/2020\/08\/elevador-ceu-e-funcionarios.jpg","contentUrl":"https:\/\/megaengconstrutora.com.br\/wp-content\/uploads\/2020\/08\/elevador-ceu-e-funcionarios.jpg","width":1280,"height":960},{"@type":"BreadcrumbList","@id":"https:\/\/megaengconstrutora.com.br\/?page_id=129#breadcrumb","itemListElement":[{"@type":"ListItem","position":1,"name":"Home","item":"https:\/\/megaengconstrutora.com.br\/"},{"@type":"ListItem","position":2,"name":"Servi\u00e7os"}]},{"@type":"WebSite","@id":"https:\/\/megaengconstrutora.com.br\/#website","url":"https:\/\/megaengconstrutora.com.br\/","name":"Mega Engenharia e Construtora","description":"","publisher":{"@id":"https:\/\/megaengconstrutora.com.br\/#organization"},"potentialAction":[{"@type":"SearchAction","target":{"@type":"EntryPoint","urlTemplate":"https:\/\/megaengconstrutora.com.br\/?s={search_term_string}"},"query-input":{"@type":"PropertyValueSpecification","valueRequired":true,"valueName":"search_term_string"}}],"inLanguage":"pt-BR"},{"@type":"Organization","@id":"https:\/\/megaengconstrutora.com.br\/#organization","name":"Mega Engenharia e Construtora","url":"https:\/\/megaengconstrutora.com.br\/","logo":{"@type":"ImageObject","inLanguage":"pt-BR","@id":"https:\/\/megaengconstrutora.com.br\/#\/schema\/logo\/image\/","url":"https:\/\/megaengconstrutora.com.br\/wp-content\/uploads\/2020\/10\/logo-site_300x50px.png","contentUrl":"https:\/\/megaengconstrutora.com.br\/wp-content\/uploads\/2020\/10\/logo-site_300x50px.png","width":300,"height":50,"caption":"Mega Engenharia e Construtora"},"image":{"@id":"https:\/\/megaengconstrutora.com.br\/#\/schema\/logo\/image\/"}}]}},"_links":{"self":[{"href":"https:\/\/megaengconstrutora.com.br\/index.php?rest_route=\/wp\/v2\/pages\/129","targetHints":{"allow":["GET"]}}],"collection":[{"href":"https:\/\/megaengconstrutora.com.br\/index.php?rest_route=\/wp\/v2\/pages"}],"about":[{"href":"https:\/\/megaengconstrutora.com.br\/index.php?rest_route=\/wp\/v2\/types\/page"}],"author":[{"embeddable":true,"href":"https:\/\/megaengconstrutora.com.br\/index.php?rest_route=\/wp\/v2\/users\/1"}],"replies":[{"embeddable":true,"href":"https:\/\/megaengconstrutora.com.br\/index.php?rest_route=%2Fwp%2Fv2%2Fcomments&post=129"}],"version-history":[{"count":4,"href":"https:\/\/megaengconstrutora.com.br\/index.php?rest_route=\/wp\/v2\/pages\/129\/revisions"}],"predecessor-version":[{"id":163,"href":"https:\/\/megaengconstrutora.com.br\/index.php?rest_route=\/wp\/v2\/pages\/129\/revisions\/163"}],"wp:attachment":[{"href":"https:\/\/megaengconstrutora.com.br\/index.php?rest_route=%2Fwp%2Fv2%2Fmedia&parent=129"}],"curies":[{"name":"wp","href":"https:\/\/api.w.org\/{rel}","templated":true}]}}