{"id":135,"date":"2020-10-16T23:25:13","date_gmt":"2020-10-17T02:25:13","guid":{"rendered":"https:\/\/megaengconstrutora.com.br\/?page_id=135"},"modified":"2020-10-16T23:25:38","modified_gmt":"2020-10-17T02:25:38","slug":"contato","status":"publish","type":"page","link":"https:\/\/megaengconstrutora.com.br\/?page_id=135","title":{"rendered":"Contato"},"content":{"rendered":"\n<p>e-mail: megaconstrutora.eng@gmail.com<\/p>\n\n\n\n<p>WhatsApp: (62) 98280-3434<\/p>\n\n\n\n<p>Localiza\u00e7\u00e3o:&nbsp;<\/p>\n\n\n\n<p>Av. T-2, 471, SALA 404, Focus Business Center &#8211; Setor Bueno, Goi\u00e2nia &#8211; GO, 74215-025<\/p>\n\n\n\n<p><\/p>\n\n\n\n<div class=\"wp-block-tenup-maps-block-apple\" data-map-type=\"standard\" data-latitude=\"51.48762585296625\" data-longitude=\"-0.1326724377053381\" data-rotation=\"0\" data-zoom=\"15\" data-shows-map-type-control=\"true\" data-is-rotation-enabled=\"true\" data-shows-compass=\"adaptive\" data-is-zoom-enabled=\"true\" data-shows-zoom-control=\"true\" data-is-scroll-enabled=\"true\" data-shows-scale=\"adaptive\" style=\"height:450px\"><\/div>\n","protected":false},"excerpt":{"rendered":"<p>e-mail: megaconstrutora.eng@gmail.com WhatsApp: (62) 98280-3434 Localiza\u00e7\u00e3o:&nbsp; Av. T-2, 471, SALA 404, Focus Business Center &#8211; Setor Bueno, Goi\u00e2nia &#8211; GO, 74215-025<\/p>\n","protected":false},"author":1,"featured_media":0,"parent":0,"menu_order":0,"comment_status":"closed","ping_status":"closed","template":"","meta":{"footnotes":""},"class_list":["post-135","page","type-page","status-publish","hentry"],"yoast_head":"<!-- This site is optimized with the Yoast SEO plugin v27.5 - https:\/\/yoast.com\/product\/yoast-seo-wordpress\/ -->\n<title>Contato - Mega Engenharia e Construtora<\/title>\n<meta name=\"robots\" content=\"index, follow, max-snippet:-1, max-image-preview:large, max-video-preview:-1\" \/>\n<link rel=\"canonical\" href=\"https:\/\/megaengconstrutora.com.br\/?page_id=135\" \/>\n<meta property=\"og:locale\" content=\"pt_BR\" \/>\n<meta property=\"og:type\" content=\"article\" \/>\n<meta property=\"og:title\" content=\"Contato - Mega Engenharia e Construtora\" \/>\n<meta property=\"og:description\" content=\"e-mail: megaconstrutora.eng@gmail.com WhatsApp: (62) 98280-3434 Localiza\u00e7\u00e3o:&nbsp; Av. T-2, 471, SALA 404, Focus Business Center &#8211; Setor Bueno, Goi\u00e2nia &#8211; GO, 74215-025\" \/>\n<meta property=\"og:url\" content=\"https:\/\/megaengconstrutora.com.br\/?page_id=135\" \/>\n<meta property=\"og:site_name\" content=\"Mega Engenharia e Construtora\" \/>\n<meta property=\"article:modified_time\" content=\"2020-10-17T02:25:38+00:00\" \/>\n<meta name=\"twitter:card\" content=\"summary_large_image\" \/>\n<script type=\"application\/ld+json\" class=\"yoast-schema-graph\">{\"@context\":\"https:\\\/\\\/schema.org\",\"@graph\":[{\"@type\":\"WebPage\",\"@id\":\"https:\\\/\\\/megaengconstrutora.com.br\\\/?page_id=135\",\"url\":\"https:\\\/\\\/megaengconstrutora.com.br\\\/?page_id=135\",\"name\":\"Contato - Mega Engenharia e Construtora\",\"isPartOf\":{\"@id\":\"https:\\\/\\\/megaengconstrutora.com.br\\\/#website\"},\"datePublished\":\"2020-10-17T02:25:13+00:00\",\"dateModified\":\"2020-10-17T02:25:38+00:00\",\"breadcrumb\":{\"@id\":\"https:\\\/\\\/megaengconstrutora.com.br\\\/?page_id=135#breadcrumb\"},\"inLanguage\":\"pt-BR\",\"potentialAction\":[{\"@type\":\"ReadAction\",\"target\":[\"https:\\\/\\\/megaengconstrutora.com.br\\\/?page_id=135\"]}]},{\"@type\":\"BreadcrumbList\",\"@id\":\"https:\\\/\\\/megaengconstrutora.com.br\\\/?page_id=135#breadcrumb\",\"itemListElement\":[{\"@type\":\"ListItem\",\"position\":1,\"name\":\"Home\",\"item\":\"https:\\\/\\\/megaengconstrutora.com.br\\\/\"},{\"@type\":\"ListItem\",\"position\":2,\"name\":\"Contato\"}]},{\"@type\":\"WebSite\",\"@id\":\"https:\\\/\\\/megaengconstrutora.com.br\\\/#website\",\"url\":\"https:\\\/\\\/megaengconstrutora.com.br\\\/\",\"name\":\"Mega Engenharia e Construtora\",\"description\":\"\",\"publisher\":{\"@id\":\"https:\\\/\\\/megaengconstrutora.com.br\\\/#organization\"},\"potentialAction\":[{\"@type\":\"SearchAction\",\"target\":{\"@type\":\"EntryPoint\",\"urlTemplate\":\"https:\\\/\\\/megaengconstrutora.com.br\\\/?s={search_term_string}\"},\"query-input\":{\"@type\":\"PropertyValueSpecification\",\"valueRequired\":true,\"valueName\":\"search_term_string\"}}],\"inLanguage\":\"pt-BR\"},{\"@type\":\"Organization\",\"@id\":\"https:\\\/\\\/megaengconstrutora.com.br\\\/#organization\",\"name\":\"Mega Engenharia e Construtora\",\"url\":\"https:\\\/\\\/megaengconstrutora.com.br\\\/\",\"logo\":{\"@type\":\"ImageObject\",\"inLanguage\":\"pt-BR\",\"@id\":\"https:\\\/\\\/megaengconstrutora.com.br\\\/#\\\/schema\\\/logo\\\/image\\\/\",\"url\":\"https:\\\/\\\/megaengconstrutora.com.br\\\/wp-content\\\/uploads\\\/2020\\\/10\\\/logo-site_300x50px.png\",\"contentUrl\":\"https:\\\/\\\/megaengconstrutora.com.br\\\/wp-content\\\/uploads\\\/2020\\\/10\\\/logo-site_300x50px.png\",\"width\":300,\"height\":50,\"caption\":\"Mega Engenharia e Construtora\"},\"image\":{\"@id\":\"https:\\\/\\\/megaengconstrutora.com.br\\\/#\\\/schema\\\/logo\\\/image\\\/\"}}]}<\/script>\n<!-- \/ Yoast SEO plugin. -->","yoast_head_json":{"title":"Contato - Mega Engenharia e Construtora","robots":{"index":"index","follow":"follow","max-snippet":"max-snippet:-1","max-image-preview":"max-image-preview:large","max-video-preview":"max-video-preview:-1"},"canonical":"https:\/\/megaengconstrutora.com.br\/?page_id=135","og_locale":"pt_BR","og_type":"article","og_title":"Contato - Mega Engenharia e Construtora","og_description":"e-mail: megaconstrutora.eng@gmail.com WhatsApp: (62) 98280-3434 Localiza\u00e7\u00e3o:&nbsp; Av. T-2, 471, SALA 404, Focus Business Center &#8211; Setor Bueno, Goi\u00e2nia &#8211; GO, 74215-025","og_url":"https:\/\/megaengconstrutora.com.br\/?page_id=135","og_site_name":"Mega Engenharia e Construtora","article_modified_time":"2020-10-17T02:25:38+00:00","twitter_card":"summary_large_image","schema":{"@context":"https:\/\/schema.org","@graph":[{"@type":"WebPage","@id":"https:\/\/megaengconstrutora.com.br\/?page_id=135","url":"https:\/\/megaengconstrutora.com.br\/?page_id=135","name":"Contato - Mega Engenharia e Construtora","isPartOf":{"@id":"https:\/\/megaengconstrutora.com.br\/#website"},"datePublished":"2020-10-17T02:25:13+00:00","dateModified":"2020-10-17T02:25:38+00:00","breadcrumb":{"@id":"https:\/\/megaengconstrutora.com.br\/?page_id=135#breadcrumb"},"inLanguage":"pt-BR","potentialAction":[{"@type":"ReadAction","target":["https:\/\/megaengconstrutora.com.br\/?page_id=135"]}]},{"@type":"BreadcrumbList","@id":"https:\/\/megaengconstrutora.com.br\/?page_id=135#breadcrumb","itemListElement":[{"@type":"ListItem","position":1,"name":"Home","item":"https:\/\/megaengconstrutora.com.br\/"},{"@type":"ListItem","position":2,"name":"Contato"}]},{"@type":"WebSite","@id":"https:\/\/megaengconstrutora.com.br\/#website","url":"https:\/\/megaengconstrutora.com.br\/","name":"Mega Engenharia e Construtora","description":"","publisher":{"@id":"https:\/\/megaengconstrutora.com.br\/#organization"},"potentialAction":[{"@type":"SearchAction","target":{"@type":"EntryPoint","urlTemplate":"https:\/\/megaengconstrutora.com.br\/?s={search_term_string}"},"query-input":{"@type":"PropertyValueSpecification","valueRequired":true,"valueName":"search_term_string"}}],"inLanguage":"pt-BR"},{"@type":"Organization","@id":"https:\/\/megaengconstrutora.com.br\/#organization","name":"Mega Engenharia e Construtora","url":"https:\/\/megaengconstrutora.com.br\/","logo":{"@type":"ImageObject","inLanguage":"pt-BR","@id":"https:\/\/megaengconstrutora.com.br\/#\/schema\/logo\/image\/","url":"https:\/\/megaengconstrutora.com.br\/wp-content\/uploads\/2020\/10\/logo-site_300x50px.png","contentUrl":"https:\/\/megaengconstrutora.com.br\/wp-content\/uploads\/2020\/10\/logo-site_300x50px.png","width":300,"height":50,"caption":"Mega Engenharia e Construtora"},"image":{"@id":"https:\/\/megaengconstrutora.com.br\/#\/schema\/logo\/image\/"}}]}},"_links":{"self":[{"href":"https:\/\/megaengconstrutora.com.br\/index.php?rest_route=\/wp\/v2\/pages\/135","targetHints":{"allow":["GET"]}}],"collection":[{"href":"https:\/\/megaengconstrutora.com.br\/index.php?rest_route=\/wp\/v2\/pages"}],"about":[{"href":"https:\/\/megaengconstrutora.com.br\/index.php?rest_route=\/wp\/v2\/types\/page"}],"author":[{"embeddable":true,"href":"https:\/\/megaengconstrutora.com.br\/index.php?rest_route=\/wp\/v2\/users\/1"}],"replies":[{"embeddable":true,"href":"https:\/\/megaengconstrutora.com.br\/index.php?rest_route=%2Fwp%2Fv2%2Fcomments&post=135"}],"version-history":[{"count":3,"href":"https:\/\/megaengconstrutora.com.br\/index.php?rest_route=\/wp\/v2\/pages\/135\/revisions"}],"predecessor-version":[{"id":140,"href":"https:\/\/megaengconstrutora.com.br\/index.php?rest_route=\/wp\/v2\/pages\/135\/revisions\/140"}],"wp:attachment":[{"href":"https:\/\/megaengconstrutora.com.br\/index.php?rest_route=%2Fwp%2Fv2%2Fmedia&parent=135"}],"curies":[{"name":"wp","href":"https:\/\/api.w.org\/{rel}","templated":true}]}}