{"id":64,"date":"2020-08-20T13:00:26","date_gmt":"2020-08-20T16:00:26","guid":{"rendered":"https:\/\/megaengconstrutora.com.br\/?page_id=64"},"modified":"2020-10-22T15:09:25","modified_gmt":"2020-10-22T18:09:25","slug":"quem-somos","status":"publish","type":"page","link":"https:\/\/megaengconstrutora.com.br\/?page_id=64","title":{"rendered":"Quem somos"},"content":{"rendered":"\n<div class=\"wp-block-group\"><div class=\"wp-block-group__inner-container is-layout-flow wp-block-group-is-layout-flow\">\n<p><\/p>\n<\/div><\/div>\n\n\n\n<div class=\"wp-block-group alignwide\"><div class=\"wp-block-group__inner-container is-layout-flow wp-block-group-is-layout-flow\">\n<div class=\"wp-block-media-text alignwide is-stacked-on-mobile is-vertically-aligned-top\" style=\"grid-template-columns:41% auto\"><figure class=\"wp-block-media-text__media\"><img loading=\"lazy\" decoding=\"async\" width=\"1024\" height=\"576\" src=\"https:\/\/megaengconstrutora.com.br\/wp-content\/uploads\/2020\/08\/obras-residenciais-1024x576.jpg\" alt=\"\" class=\"wp-image-55\" srcset=\"https:\/\/megaengconstrutora.com.br\/wp-content\/uploads\/2020\/08\/obras-residenciais-1024x576.jpg 1024w, https:\/\/megaengconstrutora.com.br\/wp-content\/uploads\/2020\/08\/obras-residenciais-300x169.jpg 300w, https:\/\/megaengconstrutora.com.br\/wp-content\/uploads\/2020\/08\/obras-residenciais-768x432.jpg 768w, https:\/\/megaengconstrutora.com.br\/wp-content\/uploads\/2020\/08\/obras-residenciais.jpg 1280w\" sizes=\"auto, (max-width: 1024px) 100vw, 1024px\" \/><\/figure><div class=\"wp-block-media-text__content\">\n<p class=\"has-text-color\" style=\"color:#16223b\">A Mega foi fundada em 2015, em Goi\u00e2nia, Goi\u00e1s, com o prop\u00f3sito de destacar-se no mercado, com base em seus vastos diferenciais nas \u00e1reas de atua\u00e7\u00e3o em Engenharia e Constru\u00e7\u00e3o. Esse objetivo vem sendo marcado pela ousadia, inova\u00e7\u00e3o e know-how do seu fundador, para consolidar uma hist\u00f3ria de sucesso, baseada no compromisso com a garantia da qualidade de entrega, forma\u00e7\u00e3o e capacita\u00e7\u00e3o de seus colaboradores, respeitando a sustentabilidade e satisfa\u00e7\u00e3o do cliente.&nbsp;<\/p>\n\n\n\n<p class=\"has-text-color\" style=\"color:#16223b\">Nossa empresa \u00e9 uma refer\u00eancia de alto padr\u00e3o de qualidade em constru\u00e7\u00e3o, proporcionando agilidade, compet\u00eancia e amplia\u00e7\u00e3o na execu\u00e7\u00e3o de obras, visando expandir a participa\u00e7\u00e3o em novos mercados e todas as \u00e1reas do Brasil.<\/p>\n<\/div><\/div>\n<\/div><\/div>\n\n\n\n<p><\/p>\n","protected":false},"excerpt":{"rendered":"<p>A Mega foi fundada em 2015, em Goi\u00e2nia, Goi\u00e1s, com o prop\u00f3sito de destacar-se no mercado, com base em seus vastos diferenciais nas \u00e1reas de atua\u00e7\u00e3o em Engenharia e Constru\u00e7\u00e3o. Esse objetivo vem sendo marcado pela ousadia, inova\u00e7\u00e3o e know-how do seu fundador, para consolidar uma hist\u00f3ria de sucesso, baseada no compromisso com a garantia [&hellip;]<\/p>\n","protected":false},"author":1,"featured_media":0,"parent":0,"menu_order":0,"comment_status":"closed","ping_status":"closed","template":"","meta":{"footnotes":""},"class_list":["post-64","page","type-page","status-publish","hentry"],"yoast_head":"<!-- This site is optimized with the Yoast SEO plugin v27.5 - https:\/\/yoast.com\/product\/yoast-seo-wordpress\/ -->\n<title>Quem somos - Mega Engenharia e Construtora<\/title>\n<meta name=\"description\" content=\"%\" \/>\n<meta name=\"robots\" content=\"index, follow, max-snippet:-1, max-image-preview:large, max-video-preview:-1\" \/>\n<link rel=\"canonical\" href=\"https:\/\/megaengconstrutora.com.br\/?page_id=64\" \/>\n<meta property=\"og:locale\" content=\"pt_BR\" \/>\n<meta property=\"og:type\" content=\"article\" \/>\n<meta property=\"og:title\" content=\"Quem somos - Mega Engenharia e Construtora\" \/>\n<meta property=\"og:description\" content=\"%\" \/>\n<meta property=\"og:url\" content=\"https:\/\/megaengconstrutora.com.br\/?page_id=64\" \/>\n<meta property=\"og:site_name\" content=\"Mega Engenharia e Construtora\" \/>\n<meta property=\"article:modified_time\" content=\"2020-10-22T18:09:25+00:00\" \/>\n<meta property=\"og:image\" content=\"https:\/\/megaengconstrutora.com.br\/wp-content\/uploads\/2020\/08\/obras-residenciais-1024x576.jpg\" \/>\n<meta name=\"twitter:card\" content=\"summary_large_image\" \/>\n<meta name=\"twitter:label1\" content=\"Est. tempo de leitura\" \/>\n\t<meta name=\"twitter:data1\" content=\"1 minuto\" \/>\n<script type=\"application\/ld+json\" class=\"yoast-schema-graph\">{\"@context\":\"https:\\\/\\\/schema.org\",\"@graph\":[{\"@type\":\"WebPage\",\"@id\":\"https:\\\/\\\/megaengconstrutora.com.br\\\/?page_id=64\",\"url\":\"https:\\\/\\\/megaengconstrutora.com.br\\\/?page_id=64\",\"name\":\"Quem somos - Mega Engenharia e Construtora\",\"isPartOf\":{\"@id\":\"https:\\\/\\\/megaengconstrutora.com.br\\\/#website\"},\"primaryImageOfPage\":{\"@id\":\"https:\\\/\\\/megaengconstrutora.com.br\\\/?page_id=64#primaryimage\"},\"image\":{\"@id\":\"https:\\\/\\\/megaengconstrutora.com.br\\\/?page_id=64#primaryimage\"},\"thumbnailUrl\":\"https:\\\/\\\/megaengconstrutora.com.br\\\/wp-content\\\/uploads\\\/2020\\\/08\\\/obras-residenciais-1024x576.jpg\",\"datePublished\":\"2020-08-20T16:00:26+00:00\",\"dateModified\":\"2020-10-22T18:09:25+00:00\",\"description\":\"%\",\"breadcrumb\":{\"@id\":\"https:\\\/\\\/megaengconstrutora.com.br\\\/?page_id=64#breadcrumb\"},\"inLanguage\":\"pt-BR\",\"potentialAction\":[{\"@type\":\"ReadAction\",\"target\":[\"https:\\\/\\\/megaengconstrutora.com.br\\\/?page_id=64\"]}]},{\"@type\":\"ImageObject\",\"inLanguage\":\"pt-BR\",\"@id\":\"https:\\\/\\\/megaengconstrutora.com.br\\\/?page_id=64#primaryimage\",\"url\":\"https:\\\/\\\/megaengconstrutora.com.br\\\/wp-content\\\/uploads\\\/2020\\\/08\\\/obras-residenciais.jpg\",\"contentUrl\":\"https:\\\/\\\/megaengconstrutora.com.br\\\/wp-content\\\/uploads\\\/2020\\\/08\\\/obras-residenciais.jpg\",\"width\":1280,\"height\":720},{\"@type\":\"BreadcrumbList\",\"@id\":\"https:\\\/\\\/megaengconstrutora.com.br\\\/?page_id=64#breadcrumb\",\"itemListElement\":[{\"@type\":\"ListItem\",\"position\":1,\"name\":\"Home\",\"item\":\"https:\\\/\\\/megaengconstrutora.com.br\\\/\"},{\"@type\":\"ListItem\",\"position\":2,\"name\":\"Quem somos\"}]},{\"@type\":\"WebSite\",\"@id\":\"https:\\\/\\\/megaengconstrutora.com.br\\\/#website\",\"url\":\"https:\\\/\\\/megaengconstrutora.com.br\\\/\",\"name\":\"Mega Engenharia e Construtora\",\"description\":\"\",\"publisher\":{\"@id\":\"https:\\\/\\\/megaengconstrutora.com.br\\\/#organization\"},\"potentialAction\":[{\"@type\":\"SearchAction\",\"target\":{\"@type\":\"EntryPoint\",\"urlTemplate\":\"https:\\\/\\\/megaengconstrutora.com.br\\\/?s={search_term_string}\"},\"query-input\":{\"@type\":\"PropertyValueSpecification\",\"valueRequired\":true,\"valueName\":\"search_term_string\"}}],\"inLanguage\":\"pt-BR\"},{\"@type\":\"Organization\",\"@id\":\"https:\\\/\\\/megaengconstrutora.com.br\\\/#organization\",\"name\":\"Mega Engenharia e Construtora\",\"url\":\"https:\\\/\\\/megaengconstrutora.com.br\\\/\",\"logo\":{\"@type\":\"ImageObject\",\"inLanguage\":\"pt-BR\",\"@id\":\"https:\\\/\\\/megaengconstrutora.com.br\\\/#\\\/schema\\\/logo\\\/image\\\/\",\"url\":\"https:\\\/\\\/megaengconstrutora.com.br\\\/wp-content\\\/uploads\\\/2020\\\/10\\\/logo-site_300x50px.png\",\"contentUrl\":\"https:\\\/\\\/megaengconstrutora.com.br\\\/wp-content\\\/uploads\\\/2020\\\/10\\\/logo-site_300x50px.png\",\"width\":300,\"height\":50,\"caption\":\"Mega Engenharia e Construtora\"},\"image\":{\"@id\":\"https:\\\/\\\/megaengconstrutora.com.br\\\/#\\\/schema\\\/logo\\\/image\\\/\"}}]}<\/script>\n<!-- \/ Yoast SEO plugin. -->","yoast_head_json":{"title":"Quem somos - Mega Engenharia e Construtora","description":"%","robots":{"index":"index","follow":"follow","max-snippet":"max-snippet:-1","max-image-preview":"max-image-preview:large","max-video-preview":"max-video-preview:-1"},"canonical":"https:\/\/megaengconstrutora.com.br\/?page_id=64","og_locale":"pt_BR","og_type":"article","og_title":"Quem somos - Mega Engenharia e Construtora","og_description":"%","og_url":"https:\/\/megaengconstrutora.com.br\/?page_id=64","og_site_name":"Mega Engenharia e Construtora","article_modified_time":"2020-10-22T18:09:25+00:00","og_image":[{"url":"https:\/\/megaengconstrutora.com.br\/wp-content\/uploads\/2020\/08\/obras-residenciais-1024x576.jpg","type":"","width":"","height":""}],"twitter_card":"summary_large_image","twitter_misc":{"Est. tempo de leitura":"1 minuto"},"schema":{"@context":"https:\/\/schema.org","@graph":[{"@type":"WebPage","@id":"https:\/\/megaengconstrutora.com.br\/?page_id=64","url":"https:\/\/megaengconstrutora.com.br\/?page_id=64","name":"Quem somos - Mega Engenharia e Construtora","isPartOf":{"@id":"https:\/\/megaengconstrutora.com.br\/#website"},"primaryImageOfPage":{"@id":"https:\/\/megaengconstrutora.com.br\/?page_id=64#primaryimage"},"image":{"@id":"https:\/\/megaengconstrutora.com.br\/?page_id=64#primaryimage"},"thumbnailUrl":"https:\/\/megaengconstrutora.com.br\/wp-content\/uploads\/2020\/08\/obras-residenciais-1024x576.jpg","datePublished":"2020-08-20T16:00:26+00:00","dateModified":"2020-10-22T18:09:25+00:00","description":"%","breadcrumb":{"@id":"https:\/\/megaengconstrutora.com.br\/?page_id=64#breadcrumb"},"inLanguage":"pt-BR","potentialAction":[{"@type":"ReadAction","target":["https:\/\/megaengconstrutora.com.br\/?page_id=64"]}]},{"@type":"ImageObject","inLanguage":"pt-BR","@id":"https:\/\/megaengconstrutora.com.br\/?page_id=64#primaryimage","url":"https:\/\/megaengconstrutora.com.br\/wp-content\/uploads\/2020\/08\/obras-residenciais.jpg","contentUrl":"https:\/\/megaengconstrutora.com.br\/wp-content\/uploads\/2020\/08\/obras-residenciais.jpg","width":1280,"height":720},{"@type":"BreadcrumbList","@id":"https:\/\/megaengconstrutora.com.br\/?page_id=64#breadcrumb","itemListElement":[{"@type":"ListItem","position":1,"name":"Home","item":"https:\/\/megaengconstrutora.com.br\/"},{"@type":"ListItem","position":2,"name":"Quem somos"}]},{"@type":"WebSite","@id":"https:\/\/megaengconstrutora.com.br\/#website","url":"https:\/\/megaengconstrutora.com.br\/","name":"Mega Engenharia e Construtora","description":"","publisher":{"@id":"https:\/\/megaengconstrutora.com.br\/#organization"},"potentialAction":[{"@type":"SearchAction","target":{"@type":"EntryPoint","urlTemplate":"https:\/\/megaengconstrutora.com.br\/?s={search_term_string}"},"query-input":{"@type":"PropertyValueSpecification","valueRequired":true,"valueName":"search_term_string"}}],"inLanguage":"pt-BR"},{"@type":"Organization","@id":"https:\/\/megaengconstrutora.com.br\/#organization","name":"Mega Engenharia e Construtora","url":"https:\/\/megaengconstrutora.com.br\/","logo":{"@type":"ImageObject","inLanguage":"pt-BR","@id":"https:\/\/megaengconstrutora.com.br\/#\/schema\/logo\/image\/","url":"https:\/\/megaengconstrutora.com.br\/wp-content\/uploads\/2020\/10\/logo-site_300x50px.png","contentUrl":"https:\/\/megaengconstrutora.com.br\/wp-content\/uploads\/2020\/10\/logo-site_300x50px.png","width":300,"height":50,"caption":"Mega Engenharia e Construtora"},"image":{"@id":"https:\/\/megaengconstrutora.com.br\/#\/schema\/logo\/image\/"}}]}},"_links":{"self":[{"href":"https:\/\/megaengconstrutora.com.br\/index.php?rest_route=\/wp\/v2\/pages\/64","targetHints":{"allow":["GET"]}}],"collection":[{"href":"https:\/\/megaengconstrutora.com.br\/index.php?rest_route=\/wp\/v2\/pages"}],"about":[{"href":"https:\/\/megaengconstrutora.com.br\/index.php?rest_route=\/wp\/v2\/types\/page"}],"author":[{"embeddable":true,"href":"https:\/\/megaengconstrutora.com.br\/index.php?rest_route=\/wp\/v2\/users\/1"}],"replies":[{"embeddable":true,"href":"https:\/\/megaengconstrutora.com.br\/index.php?rest_route=%2Fwp%2Fv2%2Fcomments&post=64"}],"version-history":[{"count":6,"href":"https:\/\/megaengconstrutora.com.br\/index.php?rest_route=\/wp\/v2\/pages\/64\/revisions"}],"predecessor-version":[{"id":160,"href":"https:\/\/megaengconstrutora.com.br\/index.php?rest_route=\/wp\/v2\/pages\/64\/revisions\/160"}],"wp:attachment":[{"href":"https:\/\/megaengconstrutora.com.br\/index.php?rest_route=%2Fwp%2Fv2%2Fmedia&parent=64"}],"curies":[{"name":"wp","href":"https:\/\/api.w.org\/{rel}","templated":true}]}}